{"id":4377,"date":"2020-06-07T12:04:55","date_gmt":"2020-06-07T10:04:55","guid":{"rendered":"http:\/\/hotel.gohsed.com\/?page_id=4377"},"modified":"2023-06-23T16:41:58","modified_gmt":"2023-06-23T14:41:58","slug":"restaurant","status":"publish","type":"page","link":"https:\/\/hotel-pointe-percee.com\/en\/restaurant\/","title":{"rendered":"Restaurant"},"content":{"rendered":"<div data-colibri-id=\"4377-c1\" class=\"style-1327 style-local-4377-c1 position-relative\">\n  <!---->\n  <div data-colibri-component=\"section\" data-colibri-id=\"4377-c2\" id=\"accueil-restaurant\" class=\"h-section h-section-global-spacing d-flex align-items-lg-center align-items-md-center align-items-center style-1328 style-local-4377-c2 position-relative\">\n    <!---->\n    <!---->\n    <div class=\"h-section-grid-container h-section-boxed-container\">\n      <!---->\n      <div data-colibri-id=\"4377-c3\" class=\"h-row-container gutters-row-lg-2 gutters-row-md-2 gutters-row-0 gutters-row-v-lg-2 gutters-row-v-md-2 gutters-row-v-2 style-1329 style-local-4377-c3 position-relative\">\n        <!---->\n        <div class=\"h-row justify-content-lg-center justify-content-md-center justify-content-center align-items-lg-stretch align-items-md-stretch align-items-stretch gutters-col-lg-2 gutters-col-md-2 gutters-col-0 gutters-col-v-lg-2 gutters-col-v-md-2 gutters-col-v-2\">\n          <!---->\n          <div class=\"h-column h-column-container d-flex h-col-lg-auto h-col-md-auto h-col-auto style-1330-outer style-local-4377-c4-outer\">\n            <div data-colibri-id=\"4377-c4\" class=\"d-flex h-flex-basis h-column__inner h-ui-empty-state-container h-px-lg-2 h-px-md-2 h-px-2 v-inner-lg-2 v-inner-md-2 v-inner-2 style-1330 style-local-4377-c4 position-relative\">\n              <!---->\n              <!---->\n              <div class=\"w-100 h-y-container h-column__content h-column__v-align flex-basis-100\">\n                <!---->\n              <\/div>\n            <\/div>\n          <\/div>\n        <\/div>\n      <\/div>\n    <\/div>\n  <\/div>\n  <div data-colibri-component=\"section\" data-colibri-id=\"4377-c5\" id=\"presentation\" class=\"h-section h-section-global-spacing d-flex align-items-lg-center align-items-md-center align-items-center style-1331 style-local-4377-c5 position-relative\">\n    <!---->\n    <!---->\n    <div class=\"h-section-grid-container h-section-boxed-container\">\n      <div data-colibri-id=\"4377-c10\" class=\"h-row-container gutters-row-lg-2 gutters-row-md-2 gutters-row-2 gutters-row-v-lg-2 gutters-row-v-md-2 gutters-row-v-2 style-1336 style-local-4377-c10 position-relative\">\n        <!---->\n        <div class=\"h-row justify-content-lg-center justify-content-md-center justify-content-center align-items-lg-stretch align-items-md-stretch align-items-stretch gutters-col-lg-2 gutters-col-md-2 gutters-col-2 gutters-col-v-lg-2 gutters-col-v-md-2 gutters-col-v-2\">\n          <!---->\n          <div class=\"h-column h-column-container d-flex h-col-lg-auto h-col-md-auto h-col-auto style-1337-outer style-local-4377-c11-outer\">\n            <div data-colibri-id=\"4377-c11\" class=\"d-flex h-flex-basis h-column__inner h-px-lg-2 h-px-md-2 h-px-2 v-inner-lg-2 v-inner-md-2 v-inner-2 style-1337 style-local-4377-c11 position-relative\">\n              <!---->\n              <!---->\n              <div class=\"w-100 h-y-container h-column__content h-column__v-align flex-basis-100 align-self-lg-start align-self-md-start align-self-start\">\n                <!---->\n                <div data-colibri-id=\"4377-c12\" class=\"h-global-transition-all h-heading style-1338 style-local-4377-c12 position-relative h-element\">\n                  <!---->\n                  <div class=\"h-heading__outer style-1338 style-local-4377-c12\">\n                    <!---->\n                    <!---->\n                    <h3 class=\"\">Seasonal cuisine with fresh products from local producers<\/h3>\n                  <\/div>\n                <\/div>\n                <div data-colibri-id=\"4377-c13\" class=\"h-lead h-text h-text-component style-1339 style-local-4377-c13 position-relative h-element\">\n                  <!---->\n                  <!---->\n                  <div class=\"\">\n                    <p>On the ground floor of the hotel, the restaurant La Pointe Perc\u00e9e welcomes you in a warm setting and a friendly atmosphere. Inside, discover a spacious room combining wood and refinement.\u00a0Outdoors, enjoy\n                      from the terrace to the heart of the village with its breathtaking view of the Aravis chain.\n                      <br>\n                    <\/p>\n                  <\/div>\n                <\/div>\n              <\/div>\n            <\/div>\n          <\/div>\n        <\/div>\n      <\/div>\n      <div data-colibri-id=\"4377-c6\" class=\"h-row-container gutters-row-lg-3 gutters-row-md-3 gutters-row-0 gutters-row-v-lg-3 gutters-row-v-md-3 gutters-row-v-3 style-1332 style-local-4377-c6 h-overflow-hidden position-relative\">\n        <!---->\n        <div class=\"h-row justify-content-lg-center justify-content-md-center justify-content-center align-items-lg-end align-items-md-end align-items-end gutters-col-lg-3 gutters-col-md-3 gutters-col-0 gutters-col-v-lg-3 gutters-col-v-md-3 gutters-col-v-3\">\n          <!---->\n          <div class=\"h-column h-column-container d-flex h-col-lg-auto h-col-md-auto h-col-auto align-self-lg-end align-self-md-end align-self-end style-1333-outer style-local-4377-c7-outer\">\n            <div data-colibri-id=\"4377-c7\" class=\"d-flex h-flex-basis h-column__inner h-ui-empty-state-container h-px-lg-0 h-px-md-0 h-px-0 v-inner-lg-0 v-inner-md-0 v-inner-0 style-1333 style-local-4377-c7 position-relative\">\n              <!---->\n              <!---->\n              <div class=\"w-100 h-y-container h-column__content h-column__v-align flex-basis-100\">\n                <!---->\n              <\/div>\n            <\/div>\n          <\/div>\n          <div class=\"h-column h-column-container d-flex h-col-lg-auto h-col-md-auto h-col-auto align-self-lg-end align-self-md-end align-self-end style-1334-outer style-local-4377-c8-outer\">\n            <div data-colibri-id=\"4377-c8\" class=\"d-flex h-flex-basis h-column__inner h-ui-empty-state-container h-px-lg-0 h-px-md-0 h-px-0 v-inner-lg-0 v-inner-md-0 v-inner-0 style-1334 style-local-4377-c8 position-relative\">\n              <!---->\n              <!---->\n              <div class=\"w-100 h-y-container h-column__content h-column__v-align flex-basis-100\">\n                <!---->\n              <\/div>\n            <\/div>\n          <\/div>\n          <div class=\"h-column h-column-container d-flex h-col-lg-auto h-col-md-auto h-col-auto align-self-lg-end align-self-md-end align-self-end style-1335-outer style-local-4377-c9-outer\">\n            <div data-colibri-id=\"4377-c9\" class=\"d-flex h-flex-basis h-column__inner h-ui-empty-state-container h-px-lg-0 h-px-md-0 h-px-0 v-inner-lg-0 v-inner-md-0 v-inner-0 style-1335 style-local-4377-c9 position-relative\">\n              <!---->\n              <!---->\n              <div class=\"w-100 h-y-container h-column__content h-column__v-align flex-basis-100\">\n                <!---->\n              <\/div>\n            <\/div>\n          <\/div>\n        <\/div>\n      <\/div>\n    <\/div>\n  <\/div>\n  <div data-colibri-component=\"section\" data-colibri-id=\"4377-c14\" id=\"demi-pension\" class=\"h-section h-section-global-spacing d-flex align-items-lg-center align-items-md-center align-items-center style-1340 style-local-4377-c14 position-relative\">\n    <!---->\n    <!---->\n    <div class=\"h-section-grid-container h-section-boxed-container\">\n      <!---->\n      <div data-colibri-id=\"4377-c15\" class=\"h-row-container gutters-row-lg-2 gutters-row-md-2 gutters-row-2 gutters-row-v-lg-2 gutters-row-v-md-2 gutters-row-v-2 style-1341 style-local-4377-c15 position-relative\">\n        <!---->\n        <div class=\"h-row justify-content-lg-center justify-content-md-center justify-content-center align-items-lg-stretch align-items-md-stretch align-items-stretch gutters-col-lg-2 gutters-col-md-2 gutters-col-2 gutters-col-v-lg-2 gutters-col-v-md-2 gutters-col-v-2\">\n          <!---->\n          <div class=\"h-column h-column-container d-flex h-col-lg-auto h-col-md-auto h-col-auto style-1342-outer style-local-4377-c16-outer\">\n            <div data-colibri-id=\"4377-c16\" class=\"d-flex h-flex-basis h-column__inner h-px-lg-2 h-px-md-2 h-px-2 v-inner-lg-2 v-inner-md-2 v-inner-2 style-1342 style-local-4377-c16 position-relative\">\n              <!---->\n              <!---->\n              <div class=\"w-100 h-y-container h-column__content h-column__v-align flex-basis-100 align-self-lg-center align-self-md-center align-self-center\">\n                <!---->\n                <div data-colibri-id=\"4377-c17\" class=\"h-global-transition-all h-heading style-1343 style-local-4377-c17 position-relative h-element\">\n                  <!---->\n                  <div class=\"h-heading__outer style-1343 style-local-4377-c17\">\n                    <!---->\n                    <!---->\n                    <h3 class=\"\">Half-board&nbsp;<\/h3>\n                  <\/div>\n                <\/div>\n                <div data-colibri-id=\"4377-c18\" class=\"h-text h-text-component style-1344 style-local-4377-c18 position-relative h-element\">\n                  <!---->\n                  <!---->\n                  <div class=\"\">\n                    <p>Choose an all-inclusive stay. In addition to your hotel night and breakfast is included the evening meal. You can discover a varied cuisine including specialties<\/p>\n                    <p><span style=\"background-color: unset;\">All you have to do is put \"your feet under the table\" and enjoy the setting of a recently renovated restaurant, a cuisine full of flavor and a smiling welcome.&nbsp;&nbsp;<\/span><\/p>\n                    <p>Note that in case of choice of the half-board formula, the evening meal is a single menu, without possibility of choice, consisting of a starter, a main course and a dessert. <\/p>\n                  <\/div>\n                <\/div>\n              <\/div>\n            <\/div>\n          <\/div>\n          <div class=\"h-column h-column-container d-flex h-col-lg-auto h-col-md-auto h-col-auto style-1347-outer style-local-4377-c19-outer\">\n            <div data-colibri-id=\"4377-c19\" class=\"d-flex h-flex-basis h-column__inner h-px-lg-2 h-px-md-2 h-px-2 v-inner-lg-2 v-inner-md-2 v-inner-2 style-1347 style-local-4377-c19 position-relative\">\n              <!---->\n              <!---->\n              <div class=\"w-100 h-y-container h-column__content h-column__v-align flex-basis-100 align-self-lg-center align-self-md-center align-self-center\">\n                <!---->\n                <div data-colibri-id=\"4377-c20\" class=\"d-block style-1348 style-local-4377-c20 position-relative h-element\">\n                  <!---->\n                  <div class=\"h-image__frame-container-outer\">\n                    <div class=\"h-image__frame-container\">\n                      <!---->\n                      <!---->\n                      <img loading=\"lazy\" decoding=\"async\" width=\"1920\" height=\"1295\" src=\"http:\/\/hotel.gohsed.com\/wp-content\/uploads\/2020\/09\/cropped-pointeperceerestaurantplat-scaled-2.jpg\" class=\"wp-image-4920 style-1348-image style-local-4377-c20-image\" alt=\"\" srcset=\"https:\/\/hotel-pointe-percee.com\/wp-content\/uploads\/2020\/09\/cropped-pointeperceerestaurantplat-scaled-2.jpg 1920w, https:\/\/hotel-pointe-percee.com\/wp-content\/uploads\/2020\/09\/cropped-pointeperceerestaurantplat-scaled-2-300x202.jpg 300w, https:\/\/hotel-pointe-percee.com\/wp-content\/uploads\/2020\/09\/cropped-pointeperceerestaurantplat-scaled-2-1024x691.jpg 1024w, https:\/\/hotel-pointe-percee.com\/wp-content\/uploads\/2020\/09\/cropped-pointeperceerestaurantplat-scaled-2-768x518.jpg 768w, https:\/\/hotel-pointe-percee.com\/wp-content\/uploads\/2020\/09\/cropped-pointeperceerestaurantplat-scaled-2-1536x1036.jpg 1536w, https:\/\/hotel-pointe-percee.com\/wp-content\/uploads\/2020\/09\/cropped-pointeperceerestaurantplat-scaled-2-2048x1382.jpg 2048w\" sizes=\"(max-width: 1920px) 100vw, 1920px\" \/>\n                      <div class=\"h-image__frame h-hide-sm style-1348-frameImage style-local-4377-c20-frameImage\"><\/div>\n                    <\/div>\n                  <\/div>\n                <\/div>\n              <\/div>\n            <\/div>\n          <\/div>\n        <\/div>\n      <\/div>\n    <\/div>\n  <\/div>\n  <div data-colibri-component=\"section\" data-colibri-id=\"4377-c21\" id=\"a-la-carte\" class=\"h-section h-section-global-spacing d-flex align-items-lg-center align-items-md-center align-items-center style-1349 style-local-4377-c21 position-relative\">\n    <!---->\n    <!---->\n    <div class=\"h-section-grid-container h-section-boxed-container\">\n      <!---->\n      <div data-colibri-id=\"4377-c22\" class=\"h-row-container gutters-row-lg-2 gutters-row-md-2 gutters-row-2 gutters-row-v-lg-2 gutters-row-v-md-2 gutters-row-v-2 style-1350 style-local-4377-c22 position-relative\">\n        <!---->\n        <div class=\"h-row justify-content-lg-center justify-content-md-center justify-content-center align-items-lg-stretch align-items-md-stretch align-items-stretch gutters-col-lg-2 gutters-col-md-2 gutters-col-2 gutters-col-v-lg-2 gutters-col-v-md-2 gutters-col-v-2\">\n          <!---->\n          <div class=\"h-column h-column-container d-flex h-col-lg-auto h-col-md-auto h-col-auto style-1351-outer style-local-4377-c23-outer\">\n            <div data-colibri-id=\"4377-c23\" class=\"d-flex h-flex-basis h-column__inner h-px-lg-2 h-px-md-2 h-px-2 v-inner-lg-2 v-inner-md-2 v-inner-2 style-1351 style-local-4377-c23 position-relative\">\n              <!---->\n              <!---->\n              <div class=\"w-100 h-y-container h-column__content h-column__v-align flex-basis-100 align-self-lg-center align-self-md-center align-self-center\">\n                <!---->\n                <div data-colibri-id=\"4377-c24\" class=\"d-block style-1352 style-local-4377-c24 position-relative h-element\">\n                  <!---->\n                  <div class=\"h-image__frame-container-outer\">\n                    <div class=\"h-image__frame-container\">\n                      <!---->\n                      <!---->\n                      <img loading=\"lazy\" decoding=\"async\" width=\"1920\" height=\"1300\" src=\"http:\/\/hotel.gohsed.com\/wp-content\/uploads\/2020\/09\/cropped-restaurantsallevue-scaled-1.jpg\" class=\"wp-image-4918 style-1352-image style-local-4377-c24-image\" alt=\"\" srcset=\"https:\/\/hotel-pointe-percee.com\/wp-content\/uploads\/2020\/09\/cropped-restaurantsallevue-scaled-1.jpg 1920w, https:\/\/hotel-pointe-percee.com\/wp-content\/uploads\/2020\/09\/cropped-restaurantsallevue-scaled-1-300x203.jpg 300w, https:\/\/hotel-pointe-percee.com\/wp-content\/uploads\/2020\/09\/cropped-restaurantsallevue-scaled-1-1024x693.jpg 1024w, https:\/\/hotel-pointe-percee.com\/wp-content\/uploads\/2020\/09\/cropped-restaurantsallevue-scaled-1-768x520.jpg 768w, https:\/\/hotel-pointe-percee.com\/wp-content\/uploads\/2020\/09\/cropped-restaurantsallevue-scaled-1-1536x1040.jpg 1536w, https:\/\/hotel-pointe-percee.com\/wp-content\/uploads\/2020\/09\/cropped-restaurantsallevue-scaled-1-2048x1387.jpg 2048w\" sizes=\"(max-width: 1920px) 100vw, 1920px\" \/>\n                      <div class=\"h-image__frame h-hide-sm style-1352-frameImage style-local-4377-c24-frameImage\"><\/div>\n                    <\/div>\n                  <\/div>\n                <\/div>\n              <\/div>\n            <\/div>\n          <\/div>\n          <div class=\"h-column h-column-container d-flex h-col-lg-auto h-col-md-auto h-col-auto style-1353-outer style-local-4377-c25-outer\">\n            <div data-colibri-id=\"4377-c25\" class=\"d-flex h-flex-basis h-column__inner h-px-lg-2 h-px-md-2 h-px-2 v-inner-lg-2 v-inner-md-2 v-inner-2 style-1353 style-local-4377-c25 position-relative\">\n              <!---->\n              <!---->\n              <div class=\"w-100 h-y-container h-column__content h-column__v-align flex-basis-100 align-self-lg-center align-self-md-center align-self-center\">\n                <!---->\n                <div data-colibri-id=\"4377-c26\" class=\"h-global-transition-all h-heading style-1354 style-local-4377-c26 position-relative h-element\">\n                  <!---->\n                  <div class=\"h-heading__outer style-1354 style-local-4377-c26\">\n                    <!---->\n                    <!---->\n                    <h3 class=\"\">A la carte<\/h3>\n                  <\/div>\n                <\/div>\n                <div data-colibri-id=\"4377-c27\" class=\"h-lead h-text h-text-component style-1355 style-local-4377-c27 position-relative h-element\">\n                  <!---->\n                  <!---->\n                  <div class=\"\">\n                    <p>You want to choose what you will eat, discover the menu of the restaurant. A wide choice of dishes (salad, burger, meat, fish, Savoyard specialties ...) and dessert.\n                      <br>\n                      <br>Fresh and local products are highlighted in refined dishes full of flavors.<\/p>\n                  <\/div>\n                <\/div>\n                <div data-colibri-id=\"4377-c28\" class=\"h-x-container style-1356 style-local-4377-c28 position-relative h-element\">\n                  <!---->\n                  <div class=\"h-x-container-inner style-dynamic-4377-c28-group style-1356-spacing style-local-4377-c28-spacing\"><span class=\"h-button__outer style-1357-outer style-local-4377-c29-outer d-inline-flex h-element\"><a h-use-smooth-scroll=\"true\" href=\"http:\/\/www.lapointepercee.com\/\" target=\"_blank\" data-colibri-id=\"4377-c29\" class=\"d-flex w-100 align-items-center h-button justify-content-lg-center justify-content-md-center justify-content-center style-1357 style-local-4377-c29 position-relative\" rel=\"noopener\"><!----><!----> <span>Discover the menu<\/span><\/a>\n                    <\/span>\n                  <\/div>\n                <\/div>\n              <\/div>\n            <\/div>\n          <\/div>\n        <\/div>\n      <\/div>\n    <\/div>\n  <\/div>\n  <div data-colibri-component=\"section\" data-colibri-id=\"4377-c30\" id=\"contact\" class=\"h-section h-section-global-spacing d-flex align-items-lg-center align-items-md-center align-items-center style-1358 style-local-4377-c30 position-relative\">\n    <div class=\"background-wrapper\">\n      <div class=\"background-layer background-layer-media-container-lg\">\n        <!---->\n        <div class=\"overlay-layer\">\n          <div class=\"overlay-image-layer\" style=\"background-color: rgb(0, 0, 0); opacity: 0.5;\"><\/div>\n        <\/div>\n      <\/div>\n      <div class=\"background-layer background-layer-media-container-md\">\n        <!---->\n        <div class=\"overlay-layer\">\n          <div class=\"overlay-image-layer\" style=\"background-color: rgb(0, 0, 0); opacity: 0.5;\"><\/div>\n        <\/div>\n      <\/div>\n      <div class=\"background-layer background-layer-media-container\">\n        <!---->\n        <div class=\"overlay-layer\">\n          <div class=\"overlay-image-layer\" style=\"background-color: rgb(0, 0, 0); opacity: 0.5;\"><\/div>\n        <\/div>\n      <\/div>\n    <\/div>\n    <!---->\n    <div class=\"h-section-grid-container h-section-boxed-container\">\n      <!---->\n      <div data-colibri-id=\"4377-c31\" class=\"h-row-container gutters-row-lg-2 gutters-row-md-2 gutters-row-2 gutters-row-v-lg-2 gutters-row-v-md-2 gutters-row-v-2 style-1359 style-local-4377-c31 position-relative\">\n        <!---->\n        <div class=\"h-row justify-content-lg-center justify-content-md-center justify-content-center align-items-lg-stretch align-items-md-stretch align-items-stretch gutters-col-lg-2 gutters-col-md-2 gutters-col-2 gutters-col-v-lg-2 gutters-col-v-md-2 gutters-col-v-2\">\n          <!---->\n          <div class=\"h-column h-column-container d-flex h-col-lg-auto h-col-md-auto h-col-auto style-1360-outer style-local-4377-c32-outer\">\n            <div data-colibri-id=\"4377-c32\" class=\"d-flex h-flex-basis h-column__inner h-px-lg-0 h-px-md-0 h-px-0 v-inner-lg-0 v-inner-md-0 v-inner-0 style-1360 style-local-4377-c32 position-relative\">\n              <!---->\n              <!---->\n              <div class=\"w-100 h-y-container h-column__content h-column__v-align flex-basis-100 align-self-lg-start align-self-md-start align-self-start\">\n                <!---->\n                <div data-colibri-id=\"4377-c33\" class=\"h-row-container gutters-row-lg-0 gutters-row-md-0 gutters-row-0 gutters-row-v-lg-0 gutters-row-v-md-0 gutters-row-v-0 style-1361 style-local-4377-c33 position-relative\">\n                  <!---->\n                  <div class=\"h-row justify-content-lg-center justify-content-md-center justify-content-center align-items-lg-stretch align-items-md-stretch align-items-stretch gutters-col-lg-0 gutters-col-md-0 gutters-col-0 gutters-col-v-lg-0 gutters-col-v-md-0 gutters-col-v-0\">\n                    <!---->\n                    <div class=\"h-column h-column-container d-flex h-col-lg-auto h-col-md-auto h-col-auto style-1362-outer style-local-4377-c34-outer\">\n                      <div data-colibri-id=\"4377-c34\" class=\"d-flex h-flex-basis h-column__inner h-px-lg-0 h-px-md-0 h-px-0 v-inner-lg-0 v-inner-md-0 v-inner-0 style-1362 style-local-4377-c34 position-relative\">\n                        <!---->\n                        <!---->\n                        <div class=\"w-100 h-y-container h-column__content h-column__v-align flex-basis-100 align-self-lg-center align-self-md-center align-self-center\">\n                          <!---->\n                          <div data-colibri-id=\"4377-c35\" class=\"h-global-transition-all h-heading style-1363 style-local-4377-c35 position-relative h-element\">\n                            <!---->\n                            <div class=\"h-heading__outer style-1363 style-local-4377-c35\">\n                              <!---->\n                              <!---->\n                              <h4 class=\"\">Contact\n                                <br>le restaurant<\/h4>\n                            <\/div>\n                          <\/div>\n                          <div data-colibri-id=\"4377-c36\" class=\"h-global-transition-all h-heading style-1364 style-local-4377-c36 position-relative h-element\">\n                            <!---->\n                            <div class=\"h-heading__outer style-1364 style-local-4377-c36\">\n                              <!---->\n                              <!---->\n                              <h4 class=\"\">Restaurant la pointe Perc\u00e9e\n                                <br>79 place de la grenette\n                                <br>74450 Le Grand-Bornand\n                                <br>\n                                <br>+33 (0)4 50 02 22 80<\/h4>\n                            <\/div>\n                          <\/div>\n                          <div data-colibri-id=\"4377-c37\" class=\"style-1365 style-local-4377-c37 position-relative h-element\">\n                            <!---->\n                            <div class=\"d-flex flex-wrap h-social-icons justify-content-lg-center justify-content-md-center justify-content-center\">\n                              <div class=\"social-icon-container d-inline-flex\">\n                                <a href=\"https:\/\/www.facebook.com\/lapointepercee\/\" target=\"_blank\" h-use-smooth-scroll=\"true\" rel=\"noopener\">\n                                  <div class=\"icon-container h-social-icon h-global-transition\">\n                                    <div class=\"h-icon-svg\" style=\"width: 100%; height: 100%;\">\n                                      <!--Icon by Socicon (http:\/\/www.socicon.com)-->\n                                      <svg version=\"1.1\" xmlns=\"http:\/\/www.w3.org\/2000\/svg\" viewbox=\"0 0 1500 1500\">\n\n                                        <path d=\"M867.188 1500v-685.547h228.516l35.156-266.602h-263.672v-169.922c0-76.172 20.508-128.906 131.836-128.906h140.625v-237.305c-23.438-5.859-108.398-11.719-205.078-11.719-205.078 0-342.773 123.047-342.773 351.563v196.289h-231.445v266.602h231.445v685.547z\"><\/path>\n                                      <\/svg>\n                                    <\/div>\n                                  <\/div>\n                                <\/a>\n                              <\/div>\n                            <\/div>\n                          <\/div>\n                        <\/div>\n                      <\/div>\n                    <\/div>\n                  <\/div>\n                <\/div>\n              <\/div>\n            <\/div>\n          <\/div>\n        <\/div>\n      <\/div>\n    <\/div>\n  <\/div>\n<\/div>","protected":false},"excerpt":{"rendered":"<p>Une cuisine de saison avec des produits frais issus de producteurs locaux Au rez-de-chauss\u00e9e de l&rsquo;h\u00f4tel, le restaurant la Pointe Perc\u00e9e vous accueille dans un cadre chaleureux et une ambiance conviviale. En int\u00e9rieur, d\u00e9couvrez une salle spacieuse alliant bois et raffinement.&nbsp;En ext\u00e9rieur, profitez de la terrasse au c\u0153ur du village avec sa vue imprenable sur [&hellip;]<\/p>\n","protected":false},"author":2,"featured_media":0,"parent":0,"menu_order":0,"comment_status":"closed","ping_status":"closed","template":"page-templates\/full-width-page.php","meta":{"footnotes":""},"class_list":["post-4377","page","type-page","status-publish","hentry"],"_links":{"self":[{"href":"https:\/\/hotel-pointe-percee.com\/en\/wp-json\/wp\/v2\/pages\/4377"}],"collection":[{"href":"https:\/\/hotel-pointe-percee.com\/en\/wp-json\/wp\/v2\/pages"}],"about":[{"href":"https:\/\/hotel-pointe-percee.com\/en\/wp-json\/wp\/v2\/types\/page"}],"author":[{"embeddable":true,"href":"https:\/\/hotel-pointe-percee.com\/en\/wp-json\/wp\/v2\/users\/2"}],"replies":[{"embeddable":true,"href":"https:\/\/hotel-pointe-percee.com\/en\/wp-json\/wp\/v2\/comments?post=4377"}],"version-history":[{"count":20,"href":"https:\/\/hotel-pointe-percee.com\/en\/wp-json\/wp\/v2\/pages\/4377\/revisions"}],"predecessor-version":[{"id":7198,"href":"https:\/\/hotel-pointe-percee.com\/en\/wp-json\/wp\/v2\/pages\/4377\/revisions\/7198"}],"wp:attachment":[{"href":"https:\/\/hotel-pointe-percee.com\/en\/wp-json\/wp\/v2\/media?parent=4377"}],"curies":[{"name":"wp","href":"https:\/\/api.w.org\/{rel}","templated":true}]}}