{"id":6962,"date":"2022-08-31T17:42:09","date_gmt":"2022-08-31T15:42:09","guid":{"rendered":"https:\/\/hotel-pointe-percee.com\/faq\/"},"modified":"2024-06-06T15:09:33","modified_gmt":"2024-06-06T13:09:33","slug":"faq","status":"publish","type":"page","link":"https:\/\/hotel-pointe-percee.com\/en\/faq\/","title":{"rendered":"FAQ"},"content":{"rendered":"<div data-colibri-id=\"6962-c1\" class=\"style-2088 style-local-6962-c1 position-relative\">\n  <!---->\n  <div data-colibri-component=\"section\" data-colibri-id=\"6962-c2\" id=\"f-a-q\" class=\"h-section h-section-global-spacing d-flex align-items-lg-center align-items-md-center align-items-center style-2106 style-local-6962-c2 position-relative\">\n    <div class=\"background-wrapper\">\n      <div class=\"background-layer background-layer-media-container-lg\">\n        <!---->\n        <div class=\"overlay-layer\">\n          <div class=\"overlay-image-layer\" style=\"background-color: rgb(1, 51, 74); opacity: 0.26;\"><\/div>\n        <\/div>\n      <\/div>\n      <div class=\"background-layer background-layer-media-container-md\">\n        <!---->\n        <div class=\"overlay-layer\">\n          <div class=\"overlay-image-layer\" style=\"background-color: rgb(1, 51, 74); opacity: 0.26;\"><\/div>\n        <\/div>\n      <\/div>\n      <div class=\"background-layer background-layer-media-container\">\n        <!---->\n        <div class=\"overlay-layer\">\n          <div class=\"overlay-image-layer\" style=\"background-color: rgb(1, 51, 74); opacity: 0.26;\"><\/div>\n        <\/div>\n      <\/div>\n    <\/div>\n    <!---->\n    <div class=\"h-section-grid-container h-section-boxed-container\">\n      <div data-colibri-id=\"6962-c16\" class=\"h-row-container gutters-row-lg-2 gutters-row-md-2 gutters-row-2 gutters-row-v-lg-2 gutters-row-v-md-2 gutters-row-v-2 style-2117 style-local-6962-c16 position-relative\">\n        <!---->\n        <div class=\"h-row justify-content-lg-start justify-content-md-start justify-content-start align-items-lg-stretch align-items-md-stretch align-items-stretch gutters-col-lg-2 gutters-col-md-2 gutters-col-2 gutters-col-v-lg-2 gutters-col-v-md-2 gutters-col-v-2\">\n          <!---->\n          <div class=\"h-column h-column-container d-flex h-col-lg-auto h-col-md-auto h-col-auto style-2118-outer style-local-6962-c17-outer\">\n            <div data-colibri-id=\"6962-c17\" class=\"d-flex h-flex-basis h-column__inner h-px-lg-2 h-px-md-2 h-px-2 v-inner-lg-0 v-inner-md-0 v-inner-0 style-2118 style-local-6962-c17 position-relative\">\n              <!---->\n              <!---->\n              <div class=\"w-100 h-y-container h-column__content h-column__v-align flex-basis-auto align-self-lg-center align-self-md-center align-self-center\">\n                <!---->\n                <div data-colibri-id=\"6962-c18\" class=\"h-global-transition-all h-heading style-2119 style-local-6962-c18 position-relative h-element\">\n                  <!---->\n                  <div class=\"h-heading__outer style-2119 style-local-6962-c18\">\n                    <!---->\n                    <!---->\n                    <h2 class=\"\">f.a.q.<\/h2>\n                  <\/div>\n                <\/div>\n              <\/div>\n            <\/div>\n          <\/div>\n          <div class=\"h-column h-column-container d-flex h-col-lg-auto h-col-md h-col-auto style-2120-outer style-local-6962-c19-outer\">\n            <div data-colibri-id=\"6962-c19\" class=\"d-flex h-flex-basis h-column__inner h-px-lg-2 h-px-md-2 h-px-2 v-inner-lg-0 v-inner-md-0 v-inner-0 style-2120 style-local-6962-c19 position-relative\">\n              <!---->\n              <!---->\n              <div class=\"w-100 h-y-container h-column__content h-column__v-align flex-basis-100 align-self-lg-start align-self-md-start align-self-start\">\n                <!---->\n                <div data-colibri-id=\"6962-c20\" class=\"h-global-transition-all h-heading style-2121 style-local-6962-c20 position-relative h-element\">\n                  <!---->\n                  <div class=\"h-heading__outer style-2121 style-local-6962-c20\">\n                    <!---->\n                    <!---->\n                    <h5 class=\"\">Vous avez des questions, nous avons les r\u00e9ponses<\/h5>\n                  <\/div>\n                <\/div>\n                <div data-colibri-id=\"6962-c21\" class=\"h-text h-text-component style-2122 style-local-6962-c21 position-relative h-element\">\n                  <!---->\n                  <!---->\n                  <div class=\"\">\n                    <p>Dans cette page, vous trouverez les r\u00e9ponses aux questions les plus souvent pos\u00e9es par nos clients. N&rsquo;h\u00e9sitez \u00e0 nous contacter pour toutes autres interrogations.<\/p>\n                  <\/div>\n                <\/div>\n              <\/div>\n            <\/div>\n          <\/div>\n        <\/div>\n      <\/div>\n      <div data-colibri-id=\"6962-c3\" class=\"h-row-container gutters-row-lg-2 gutters-row-md-2 gutters-row-0 gutters-row-v-lg-2 gutters-row-v-md-2 gutters-row-v-2 style-2107 style-local-6962-c3 position-relative\">\n        <!---->\n        <div class=\"h-row justify-content-lg-center justify-content-md-center justify-content-center align-items-lg-stretch align-items-md-stretch align-items-stretch gutters-col-lg-2 gutters-col-md-2 gutters-col-0 gutters-col-v-lg-2 gutters-col-v-md-2 gutters-col-v-2\">\n          <!---->\n          <div class=\"h-column h-column-container d-flex h-col-lg-auto h-col-md-auto h-col-auto style-2108-outer style-local-6962-c4-outer\">\n            <div data-colibri-id=\"6962-c4\" class=\"d-flex h-flex-basis h-column__inner h-px-lg-2 h-px-md-2 h-px-2 v-inner-lg-2 v-inner-md-2 v-inner-2 style-2108 style-local-6962-c4 position-relative\">\n              <!---->\n              <!---->\n              <div class=\"w-100 h-y-container h-column__content h-column__v-align flex-basis-100 align-self-lg-start align-self-md-start align-self-start\">\n                <!---->\n                <div data-toggle=\"true\" data-is-preview=\"true\" data-colibri-component=\"accordion\" data-colibri-id=\"6962-c5\" class=\"h-accordion style-2109 style-local-6962-c5 position-relative h-element\">\n                  <!---->\n                  <div data-colibri-id=\"6962-c6\" class=\"h-accordion-item h-accordion-item-first-child style-2110 style-local-6962-c6 position-relative h-element\">\n                    <!---->\n                    <a data-open-by-default=\"true\" href=\"#6962-c6\" class=\"h-accordion-item-title d-flex align-items-center h-global-transition\">\n                      <!----><span>Quels sont les heures d&rsquo;arriv\u00e9e et de d\u00e9part?<\/span>\n                      <div class=\"h-accordion-item-title-normal-icon h-accordion-item-title-icon h-accordion-item-title-icon-right\"><span class=\"h-svg-icon\"><!--Icon by Icons8 Line Awesome (https:\/\/icons8.com\/line-awesome)--><svg version=\"1.1\" xmlns=\"http:\/\/www.w3.org\/2000\/svg\" xmlns:xlink=\"http:\/\/www.w3.org\/1999\/xlink\" id=\"plus\" viewbox=\"0 0 512 545.5\"><path d=\"M240 112h32v160h160v32H272v160h-32V304H80v-32h160V112z\"><\/path><\/svg><\/span><\/div>\n                      <div class=\"h-accordion-item-title-active-icon h-accordion-item-title-icon h-accordion-item-title-icon-right\"><span class=\"h-svg-icon\"><!--Icon by Icons8 Line Awesome (https:\/\/icons8.com\/line-awesome)--><svg version=\"1.1\" xmlns=\"http:\/\/www.w3.org\/2000\/svg\" xmlns:xlink=\"http:\/\/www.w3.org\/1999\/xlink\" id=\"minus\" viewbox=\"0 0 512 545.5\"><path d=\"M80 272h352v32H80v-32z\"><\/path><\/svg><\/span><\/div>\n                    <\/a>\n                    <div id=\"6962-c6\" class=\"h-accordion-item-content__container\">\n                      <div class=\"w-100 h-y-container h-accordion-item-content\">\n                        <!---->\n                        <div data-colibri-id=\"6962-c7\" class=\"h-text h-text-component style-2111 style-local-6962-c7 position-relative h-element\">\n                          <!---->\n                          <!---->\n                          <div class=\"\">\n                            <p>Les chambres sont disponibles \u00e0 partir de 13h le jour de votre arriv\u00e9e. Nous demandons&nbsp; \u00e0 ce qu&rsquo;elles soient lib\u00e9r\u00e9es pour 10h le jour de votre d\u00e9part.<\/p>\n                          <\/div>\n                        <\/div>\n                      <\/div>\n                    <\/div>\n                  <\/div>\n                  <div data-colibri-id=\"6962-c8\" class=\"h-accordion-item style-2113 style-local-6962-c8 position-relative h-element\">\n                    <!---->\n                    <a data-open-by-default=\"false\" href=\"#6962-c8\" class=\"h-accordion-item-title d-flex align-items-center h-global-transition\">\n                      <!----><span>Acceptez vous les animaux?<\/span>\n                      <div class=\"h-accordion-item-title-normal-icon h-accordion-item-title-icon h-accordion-item-title-icon-right\"><span class=\"h-svg-icon\"><!--Icon by Icons8 Line Awesome (https:\/\/icons8.com\/line-awesome)--><svg version=\"1.1\" xmlns=\"http:\/\/www.w3.org\/2000\/svg\" xmlns:xlink=\"http:\/\/www.w3.org\/1999\/xlink\" id=\"plus\" viewbox=\"0 0 512 545.5\"><path d=\"M240 112h32v160h160v32H272v160h-32V304H80v-32h160V112z\"><\/path><\/svg><\/span><\/div>\n                      <div class=\"h-accordion-item-title-active-icon h-accordion-item-title-icon h-accordion-item-title-icon-right\"><span class=\"h-svg-icon\"><!--Icon by Icons8 Line Awesome (https:\/\/icons8.com\/line-awesome)--><svg version=\"1.1\" xmlns=\"http:\/\/www.w3.org\/2000\/svg\" xmlns:xlink=\"http:\/\/www.w3.org\/1999\/xlink\" id=\"minus\" viewbox=\"0 0 512 545.5\"><path d=\"M80 272h352v32H80v-32z\"><\/path><\/svg><\/span><\/div>\n                    <\/a>\n                    <div id=\"6962-c8\" class=\"h-accordion-item-content__container\">\n                      <div class=\"w-100 h-y-container h-accordion-item-content\">\n                        <!---->\n                        <div data-colibri-id=\"6962-c9\" class=\"h-text h-text-component style-2114 style-local-6962-c9 position-relative h-element\">\n                          <!---->\n                          <!---->\n                          <div class=\"\">\n                            <p>Oui nous acceptons les animaux gratuitement dans notre \u00e9tablissement. Toute fois, nous ne pouvons vous garantir l&rsquo;acc\u00e8s au espace de restauration avec eux, cela d\u00e9pendra de la fr\u00e9quentation de l&rsquo;h\u00f4tel.<\/p>\n                          <\/div>\n                        <\/div>\n                      <\/div>\n                    <\/div>\n                  <\/div>\n                  <div data-colibri-id=\"6962-c10\" class=\"h-accordion-item style-2115 style-local-6962-c10 position-relative h-element\">\n                    <!---->\n                    <a data-open-by-default=\"false\" href=\"#6962-c10\" class=\"h-accordion-item-title d-flex align-items-center h-global-transition\">\n                      <!----><span>Acceptez vous les ch\u00e8ques vacances?<\/span>\n                      <div class=\"h-accordion-item-title-normal-icon h-accordion-item-title-icon h-accordion-item-title-icon-right\"><span class=\"h-svg-icon\"><!--Icon by Icons8 Line Awesome (https:\/\/icons8.com\/line-awesome)--><svg version=\"1.1\" xmlns=\"http:\/\/www.w3.org\/2000\/svg\" xmlns:xlink=\"http:\/\/www.w3.org\/1999\/xlink\" id=\"plus\" viewbox=\"0 0 512 545.5\"><path d=\"M240 112h32v160h160v32H272v160h-32V304H80v-32h160V112z\"><\/path><\/svg><\/span><\/div>\n                      <div class=\"h-accordion-item-title-active-icon h-accordion-item-title-icon h-accordion-item-title-icon-right\"><span class=\"h-svg-icon\"><!--Icon by Icons8 Line Awesome (https:\/\/icons8.com\/line-awesome)--><svg version=\"1.1\" xmlns=\"http:\/\/www.w3.org\/2000\/svg\" xmlns:xlink=\"http:\/\/www.w3.org\/1999\/xlink\" id=\"minus\" viewbox=\"0 0 512 545.5\"><path d=\"M80 272h352v32H80v-32z\"><\/path><\/svg><\/span><\/div>\n                    <\/a>\n                    <div id=\"6962-c10\" class=\"h-accordion-item-content__container\">\n                      <div class=\"w-100 h-y-container h-accordion-item-content\">\n                        <!---->\n                        <div data-colibri-id=\"6962-c11\" class=\"h-text h-text-component style-2116 style-local-6962-c11 position-relative h-element\">\n                          <!---->\n                          <!---->\n                          <div class=\"\">\n                            <p>Oui nous acceptons les ch\u00e8ques vacances sans limite de montant.<\/p>\n                          <\/div>\n                        <\/div>\n                      <\/div>\n                    <\/div>\n                  <\/div>\n                  <div data-colibri-id=\"6962-c12\" class=\"h-accordion-item style-2123 style-local-6962-c12 position-relative h-element\">\n                    <!---->\n                    <a data-open-by-default=\"false\" href=\"#6962-c12\" class=\"h-accordion-item-title d-flex align-items-center h-global-transition\">\n                      <!----><span>Quels sont vos conditions d&rsquo;annulation ?<\/span>\n                      <div class=\"h-accordion-item-title-normal-icon h-accordion-item-title-icon h-accordion-item-title-icon-right\"><span class=\"h-svg-icon\"><!--Icon by Icons8 Line Awesome (https:\/\/icons8.com\/line-awesome)--><svg version=\"1.1\" xmlns=\"http:\/\/www.w3.org\/2000\/svg\" xmlns:xlink=\"http:\/\/www.w3.org\/1999\/xlink\" id=\"plus\" viewbox=\"0 0 512 545.5\"><path d=\"M240 112h32v160h160v32H272v160h-32V304H80v-32h160V112z\"><\/path><\/svg><\/span><\/div>\n                      <div class=\"h-accordion-item-title-active-icon h-accordion-item-title-icon h-accordion-item-title-icon-right\"><span class=\"h-svg-icon\"><!--Icon by Icons8 Line Awesome (https:\/\/icons8.com\/line-awesome)--><svg version=\"1.1\" xmlns=\"http:\/\/www.w3.org\/2000\/svg\" xmlns:xlink=\"http:\/\/www.w3.org\/1999\/xlink\" id=\"minus\" viewbox=\"0 0 512 545.5\"><path d=\"M80 272h352v32H80v-32z\"><\/path><\/svg><\/span><\/div>\n                    <\/a>\n                    <div id=\"6962-c12\" class=\"h-accordion-item-content__container\">\n                      <div class=\"w-100 h-y-container h-accordion-item-content\">\n                        <!---->\n                        <div data-colibri-id=\"6962-c13\" class=\"h-text h-text-component style-2124 style-local-6962-c13 position-relative h-element\">\n                          <!---->\n                          <!---->\n                          <div class=\"\">\n                            <p><strong style=\"font-weight: 500;\">Conditions d&rsquo;annulation:&nbsp;<\/strong><\/p>\n                            <p>Annulation jusqu&rsquo;\u00e0 15 jours avant la date d&rsquo;arriv\u00e9e, annulation gratuite.<\/p>\n                            <p>Annulation entre 8 et 15 jours avant l&rsquo;arriv\u00e9e, 25% seront pr\u00e9lev\u00e9s.<\/p>\n                            <p>Annulation \u00e0 moins de 7 jours, paiement de 100 % du montant total de la r\u00e9servation.<\/p>\n                          <\/div>\n                        <\/div>\n                      <\/div>\n                    <\/div>\n                  <\/div>\n                  <div data-colibri-id=\"6962-c14\" class=\"h-accordion-item style-2125 style-local-6962-c14 position-relative h-element\">\n                    <!---->\n                    <a data-open-by-default=\"false\" href=\"#6962-c14\" class=\"h-accordion-item-title d-flex align-items-center h-global-transition\">\n                      <!----><span>O\u00f9 peut-on se garer?<\/span>\n                      <div class=\"h-accordion-item-title-normal-icon h-accordion-item-title-icon h-accordion-item-title-icon-right\"><span class=\"h-svg-icon\"><!--Icon by Icons8 Line Awesome (https:\/\/icons8.com\/line-awesome)--><svg version=\"1.1\" xmlns=\"http:\/\/www.w3.org\/2000\/svg\" xmlns:xlink=\"http:\/\/www.w3.org\/1999\/xlink\" id=\"plus\" viewbox=\"0 0 512 545.5\"><path d=\"M240 112h32v160h160v32H272v160h-32V304H80v-32h160V112z\"><\/path><\/svg><\/span><\/div>\n                      <div class=\"h-accordion-item-title-active-icon h-accordion-item-title-icon h-accordion-item-title-icon-right\"><span class=\"h-svg-icon\"><!--Icon by Icons8 Line Awesome (https:\/\/icons8.com\/line-awesome)--><svg version=\"1.1\" xmlns=\"http:\/\/www.w3.org\/2000\/svg\" xmlns:xlink=\"http:\/\/www.w3.org\/1999\/xlink\" id=\"minus\" viewbox=\"0 0 512 545.5\"><path d=\"M80 272h352v32H80v-32z\"><\/path><\/svg><\/span><\/div>\n                    <\/a>\n                    <div id=\"6962-c14\" class=\"h-accordion-item-content__container\">\n                      <div class=\"w-100 h-y-container h-accordion-item-content\">\n                        <!---->\n                        <div data-colibri-id=\"6962-c15\" class=\"h-text h-text-component style-2126 style-local-6962-c15 position-relative h-element\">\n                          <!---->\n                          <!---->\n                          <div class=\"\">\n                            <p><strong style=\"font-weight: 500;\">Des emplacements \u00ab\u00a0d\u00e9pose minute\u00a0\u00bb sont disponibles juste devant l&rsquo;h\u00f4tel. Nous vous indiquerons des emplacements \u00ab\u00a0r\u00e9serv\u00e9s h\u00f4tels\u00a0\u00bb situ\u00e9s \u00e0 50m, gratuit et sans limitation de temps. Si ces derniers sont complets, de grands parkings sont <\/strong>disponibles\n                              <strong\n                                style=\"font-weight: 500;\">&nbsp;\u00e0 100m de l&rsquo;h\u00f4tel. Vous trouverez un plan du centre du village dans l&rsquo;onglet \u00a0\u00bb Acc\u00e8s et contact\u00a0\u00bb.<\/strong>\n                            <\/p>\n                          <\/div>\n                        <\/div>\n                      <\/div>\n                    <\/div>\n                  <\/div>\n                <\/div>\n              <\/div>\n            <\/div>\n          <\/div>\n        <\/div>\n      <\/div>\n    <\/div>\n  <\/div>\n<\/div>","protected":false},"excerpt":{"rendered":"<p>f.a.q. Vous avez des questions, nous avons les r\u00e9ponses Dans cette page, vous trouverez les r\u00e9ponses aux questions les plus souvent pos\u00e9es par nos clients. N&rsquo;h\u00e9sitez \u00e0 nous contacter pour toutes autres interrogations. Quels sont les heures d&rsquo;arriv\u00e9e et de d\u00e9part? Les chambres sont disponibles \u00e0 partir de 13h le jour de votre arriv\u00e9e. Nous [&hellip;]<\/p>\n","protected":false},"author":2,"featured_media":0,"parent":0,"menu_order":0,"comment_status":"closed","ping_status":"closed","template":"page-templates\/full-width-page.php","meta":{"footnotes":""},"class_list":["post-6962","page","type-page","status-publish","hentry"],"_links":{"self":[{"href":"https:\/\/hotel-pointe-percee.com\/en\/wp-json\/wp\/v2\/pages\/6962"}],"collection":[{"href":"https:\/\/hotel-pointe-percee.com\/en\/wp-json\/wp\/v2\/pages"}],"about":[{"href":"https:\/\/hotel-pointe-percee.com\/en\/wp-json\/wp\/v2\/types\/page"}],"author":[{"embeddable":true,"href":"https:\/\/hotel-pointe-percee.com\/en\/wp-json\/wp\/v2\/users\/2"}],"replies":[{"embeddable":true,"href":"https:\/\/hotel-pointe-percee.com\/en\/wp-json\/wp\/v2\/comments?post=6962"}],"version-history":[{"count":7,"href":"https:\/\/hotel-pointe-percee.com\/en\/wp-json\/wp\/v2\/pages\/6962\/revisions"}],"predecessor-version":[{"id":7262,"href":"https:\/\/hotel-pointe-percee.com\/en\/wp-json\/wp\/v2\/pages\/6962\/revisions\/7262"}],"wp:attachment":[{"href":"https:\/\/hotel-pointe-percee.com\/en\/wp-json\/wp\/v2\/media?parent=6962"}],"curies":[{"name":"wp","href":"https:\/\/api.w.org\/{rel}","templated":true}]}}