{"id":4392,"date":"2020-06-07T12:25:46","date_gmt":"2020-06-07T10:25:46","guid":{"rendered":"http:\/\/hotel.gohsed.com\/?page_id=4392"},"modified":"2025-07-10T13:25:12","modified_gmt":"2025-07-10T11:25:12","slug":"tarifs","status":"publish","type":"page","link":"https:\/\/hotel-pointe-percee.com\/fr\/tarifs\/","title":{"rendered":"Tarifs"},"content":{"rendered":"<div data-colibri-id=\"4392-c1\" class=\"style-884 style-local-4392-c1 position-relative\">\n  <!---->\n  <div data-colibri-component=\"section\" data-colibri-id=\"4392-c2\" id=\"initial-content\" class=\"h-section h-section-global-spacing d-flex align-items-lg-center align-items-md-center align-items-center style-885 style-local-4392-c2 position-relative\">\n    <!---->\n    <!---->\n    <div class=\"h-section-grid-container h-section-boxed-container\">\n      <!---->\n      <div data-colibri-id=\"4392-c3\" class=\"h-row-container gutters-row-lg-2 gutters-row-md-2 gutters-row-0 gutters-row-v-lg-2 gutters-row-v-md-2 gutters-row-v-2 style-889 style-local-4392-c3 position-relative\">\n        <!---->\n        <div class=\"h-row justify-content-lg-center justify-content-md-center justify-content-center align-items-lg-stretch align-items-md-stretch align-items-stretch gutters-col-lg-2 gutters-col-md-2 gutters-col-0 gutters-col-v-lg-2 gutters-col-v-md-2 gutters-col-v-2\">\n          <!---->\n          <div class=\"h-column h-column-container d-flex h-col-lg-auto h-col-md-auto h-col-auto style-890-outer style-local-4392-c4-outer\">\n            <div data-colibri-id=\"4392-c4\" class=\"d-flex h-flex-basis h-column__inner h-ui-empty-state-container h-px-lg-2 h-px-md-2 h-px-2 v-inner-lg-2 v-inner-md-2 v-inner-2 style-890 style-local-4392-c4 position-relative\">\n              <!---->\n              <!---->\n              <div class=\"w-100 h-y-container h-column__content h-column__v-align flex-basis-100\">\n                <!---->\n              <\/div>\n            <\/div>\n          <\/div>\n        <\/div>\n      <\/div>\n    <\/div>\n  <\/div>\n  <div data-colibri-component=\"section\" data-colibri-id=\"4392-c5\" id=\"custom\" class=\"h-section h-section-global-spacing d-flex align-items-lg-center align-items-md-center align-items-center style-908 style-local-4392-c5 position-relative\">\n    <!---->\n    <!---->\n    <div class=\"h-section-grid-container h-section-boxed-container\">\n      <!---->\n      <div data-colibri-id=\"4392-c6\" class=\"h-row-container gutters-row-lg-2 gutters-row-md-2 gutters-row-0 gutters-row-v-lg-2 gutters-row-v-md-2 gutters-row-v-2 style-909 style-local-4392-c6 position-relative\">\n        <!---->\n        <div class=\"h-row justify-content-lg-center justify-content-md-center justify-content-center align-items-lg-stretch align-items-md-stretch align-items-stretch gutters-col-lg-2 gutters-col-md-2 gutters-col-0 gutters-col-v-lg-2 gutters-col-v-md-2 gutters-col-v-2\">\n          <!---->\n          <div class=\"h-column h-column-container d-flex h-col-lg-auto h-col-md-auto h-col-auto style-910-outer style-local-4392-c7-outer\">\n            <div data-colibri-id=\"4392-c7\" class=\"d-flex h-flex-basis h-column__inner h-px-lg-2 h-px-md-2 h-px-2 v-inner-lg-2 v-inner-md-2 v-inner-2 style-910 style-local-4392-c7 position-relative\">\n              <!---->\n              <!---->\n              <div class=\"w-100 h-y-container h-column__content h-column__v-align flex-basis-100 align-self-lg-start align-self-md-start align-self-start\">\n                <!---->\n                <div data-colibri-id=\"4392-c8\" class=\"h-text h-text-component style-937 style-local-4392-c8 position-relative h-element\">\n                  <!---->\n                  <!---->\n                  <div class=\"\">\n                    <p>R\u00e9servez votre s\u00e9jour en direct<\/p>\n                  <\/div>\n                <\/div>\n              <\/div>\n            <\/div>\n          <\/div>\n        <\/div>\n      <\/div>\n    <\/div>\n  <\/div>\n  <div data-colibri-component=\"section\" data-colibri-id=\"4392-c9\" id=\"overlappable\" class=\"h-section h-section-global-spacing d-flex align-items-lg-center align-items-md-center align-items-center style-940 style-local-4392-c9 position-relative\">\n    <!---->\n    <!---->\n    <div class=\"h-section-grid-container h-section-boxed-container\">\n      <!---->\n      <div data-colibri-id=\"4392-c10\" class=\"h-row-container gutters-row-lg-2 gutters-row-md-0 gutters-row-2 gutters-row-v-lg-2 gutters-row-v-md-0 gutters-row-v-2 style-941 style-local-4392-c10 position-relative\">\n        <!---->\n        <div class=\"h-row justify-content-lg-center justify-content-md-center justify-content-center align-items-lg-stretch align-items-md-stretch align-items-stretch gutters-col-lg-2 gutters-col-md-0 gutters-col-2 gutters-col-v-lg-2 gutters-col-v-md-0 gutters-col-v-2\">\n          <!---->\n          <div class=\"h-column h-column-container d-flex h-col-lg-4 h-col-md-4 h-col-12 style-942-outer style-local-4392-c11-outer\">\n            <div data-colibri-id=\"4392-c11\" class=\"d-flex h-flex-basis h-column__inner h-px-lg-2 h-px-md-3 h-px-2 v-inner-lg-0 v-inner-md-3 v-inner-2 style-942 style-local-4392-c11 position-relative\">\n              <!---->\n              <!---->\n              <div class=\"w-100 h-y-container h-column__content h-column__v-align flex-basis-100 align-self-lg-start align-self-md-start align-self-start\">\n                <!---->\n                <div data-colibri-id=\"4392-c12\" class=\"h-icon style-943 style-local-4392-c12 position-relative h-element\">\n                  <!----><span class=\"h-svg-icon h-icon__icon style-943-icon style-local-4392-c12-icon\"><!--Icon by Font Awesome (https:\/\/fontawesome.com)--><svg version=\"1.1\" xmlns=\"http:\/\/www.w3.org\/2000\/svg\" xmlns:xlink=\"http:\/\/www.w3.org\/1999\/xlink\" id=\"tag\" viewBox=\"0 0 1536 1896.0833\"><path d=\"M448 448q0-53-37.5-90.5T320 320t-90.5 37.5T192 448t37.5 90.5T320 576t90.5-37.5T448 448zm1067 576q0 53-37 90l-491 492q-39 37-91 37-53 0-90-37L91 890q-38-37-64.5-101T0 672V256q0-52 38-90t90-38h416q53 0 117 26.5T763 219l715 714q37 39 37 91z\"><\/path><\/svg><\/span><\/div>\n                <div\n                  data-colibri-id=\"4392-c13\" class=\"h-global-transition-all h-heading style-944 style-local-4392-c13 position-relative h-element\">\n                  <!---->\n                  <div class=\"h-heading__outer style-944 style-local-4392-c13\">\n                    <!---->\n                    <!---->\n                    <h5 class=\"\">Meilleur tarif garanti<\/h5>\n                  <\/div>\n              <\/div>\n              <div data-colibri-id=\"4392-c14\" class=\"h-text h-text-component style-945 style-local-4392-c14 position-relative h-element\">\n                <!---->\n                <!---->\n                <div class=\"\">\n                  <p>En r\u00e9servant votre s\u00e9jour directement via notre site internet ou par t\u00e9l\u00e9phone, b\u00e9n\u00e9ficiez de notre meilleur tarif.<\/p>\n                <\/div>\n              <\/div>\n            <\/div>\n          <\/div>\n        <\/div>\n        <div class=\"h-column h-column-container d-flex h-col-lg-4 h-col-md-4 h-col-12 style-942-outer style-local-4392-c15-outer\">\n          <div data-colibri-id=\"4392-c15\" class=\"d-flex h-flex-basis h-column__inner h-px-lg-2 h-px-md-3 h-px-2 v-inner-lg-0 v-inner-md-3 v-inner-2 style-942 style-local-4392-c15 position-relative\">\n            <!---->\n            <!---->\n            <div class=\"w-100 h-y-container h-column__content h-column__v-align flex-basis-100 align-self-lg-start align-self-md-start align-self-start\">\n              <!---->\n              <div data-colibri-id=\"4392-c16\" class=\"h-icon style-943 style-local-4392-c16 position-relative h-element\">\n                <!----><span class=\"h-svg-icon h-icon__icon style-943-icon style-local-4392-c16-icon\"><!--Icon by Font Awesome (https:\/\/fontawesome.com)--><svg version=\"1.1\" xmlns=\"http:\/\/www.w3.org\/2000\/svg\" xmlns:xlink=\"http:\/\/www.w3.org\/1999\/xlink\" id=\"calendar\" viewBox=\"0 0 1672.2646 1896.0833\"><path d=\"M128 1664h288v-288H128v288zm352 0h320v-288H480v288zm-352-352h288V992H128v320zm352 0h320V992H480v320zM128 928h288V640H128v288zm736 736h320v-288H864v288zM480 928h320V640H480v288zm768 736h288v-288h-288v288zm-384-352h320V992H864v320zM512 448V160q0-13-9.5-22.5T480 128h-64q-13 0-22.5 9.5T384 160v288q0 13 9.5 22.5T416 480h64q13 0 22.5-9.5T512 448zm736 864h288V992h-288v320zM864 928h320V640H864v288zm384 0h288V640h-288v288zm32-480V160q0-13-9.5-22.5T1248 128h-64q-13 0-22.5 9.5T1152 160v288q0 13 9.5 22.5t22.5 9.5h64q13 0 22.5-9.5t9.5-22.5zm384-64v1280q0 52-38 90t-90 38H128q-52 0-90-38t-38-90V384q0-52 38-90t90-38h128v-96q0-66 47-113T416 0h64q66 0 113 47t47 113v96h384v-96q0-66 47-113t113-47h64q66 0 113 47t47 113v96h128q52 0 90 38t38 90z\"><\/path><\/svg><\/span><\/div>\n              <div\n                data-colibri-id=\"4392-c17\" class=\"h-global-transition-all h-heading style-944 style-local-4392-c17 position-relative h-element\">\n                <!---->\n                <div class=\"h-heading__outer style-944 style-local-4392-c17\">\n                  <!---->\n                  <!---->\n                  <h5 class=\"\">Plus de disponibilit\u00e9<\/h5>\n                <\/div>\n            <\/div>\n            <div data-colibri-id=\"4392-c18\" class=\"h-text h-text-component style-945 style-local-4392-c18 position-relative h-element\">\n              <!---->\n              <!---->\n              <div class=\"\">\n                <p>Une date non disponible sur nos sites partenaires, retrouver la totalit\u00e9 de nos offres via notre r\u00e9servation en ligne.&nbsp;<\/p>\n              <\/div>\n            <\/div>\n          <\/div>\n        <\/div>\n      <\/div>\n      <div class=\"h-column h-column-container d-flex h-col-lg-4 h-col-md-4 h-col-12 style-942-outer style-local-4392-c19-outer\">\n        <div data-colibri-id=\"4392-c19\" class=\"d-flex h-flex-basis h-column__inner h-px-lg-2 h-px-md-3 h-px-2 v-inner-lg-0 v-inner-md-3 v-inner-2 style-942 style-local-4392-c19 position-relative\">\n          <!---->\n          <!---->\n          <div class=\"w-100 h-y-container h-column__content h-column__v-align flex-basis-100 align-self-lg-start align-self-md-start align-self-start\">\n            <!---->\n            <div data-colibri-id=\"4392-c20\" class=\"h-icon style-943 style-local-4392-c20 position-relative h-element\">\n              <!----><span class=\"h-svg-icon h-icon__icon style-943-icon style-local-4392-c20-icon\"><!--Icon by Font Awesome (https:\/\/fontawesome.com)--><svg version=\"1.1\" xmlns=\"http:\/\/www.w3.org\/2000\/svg\" xmlns:xlink=\"http:\/\/www.w3.org\/1999\/xlink\" id=\"gear\" viewBox=\"0 0 1536 1896.0833\"><path d=\"M1024 896q0-106-75-181t-181-75-181 75-75 181 75 181 181 75 181-75 75-181zm512-109v222q0 12-8 23t-20 13l-185 28q-19 54-39 91 35 50 107 138 10 12 10 25t-9 23q-27 37-99 108t-94 71q-12 0-26-9l-138-108q-44 23-91 38-16 136-29 186-7 28-36 28H657q-14 0-24.5-8.5T621 1634l-28-184q-49-16-90-37l-141 107q-10 9-25 9-14 0-25-11-126-114-165-168-7-10-7-23 0-12 8-23 15-21 51-66.5t54-70.5q-27-50-41-99l-183-27q-13-2-21-12.5T0 1005V783q0-12 8-23t19-13l186-28q14-46 39-92-40-57-107-138-10-12-10-24 0-10 9-23 26-36 98.5-107.5T337 263q13 0 26 10l138 107q44-23 91-38 16-136 29-186 7-28 36-28h222q14 0 24.5 8.5T915 158l28 184q49 16 90 37l142-107q9-9 24-9 13 0 25 10 129 119 165 170 7 8 7 22 0 12-8 23-15 21-51 66.5t-54 70.5q26 50 41 98l183 28q13 2 21 12.5t8 23.5z\"><\/path><\/svg><\/span><\/div>\n            <div\n              data-colibri-id=\"4392-c21\" class=\"h-global-transition-all h-heading style-944 style-local-4392-c21 position-relative h-element\">\n              <!---->\n              <div class=\"h-heading__outer style-944 style-local-4392-c21\">\n                <!---->\n                <!---->\n                <h5 class=\"\">Plus de souplesse<\/h5>\n              <\/div>\n          <\/div>\n          <div data-colibri-id=\"4392-c22\" class=\"h-text h-text-component style-945 style-local-4392-c22 position-relative h-element\">\n            <!---->\n            <!---->\n            <div class=\"\">\n              <p>Avec un r\u00e9servation via notre site internet, il est plus facile pour nous de modifier, de reporter ou d&rsquo;annuler une nuit ou un s\u00e9jour.<\/p>\n            <\/div>\n          <\/div>\n        <\/div>\n      <\/div>\n    <\/div>\n  <\/div>\n<\/div>\n<div data-colibri-id=\"4392-c23\" class=\"h-row-container gutters-row-lg-2 gutters-row-md-2 gutters-row-0 gutters-row-v-lg-2 gutters-row-v-md-2 gutters-row-v-2 style-984 style-local-4392-c23 position-relative\">\n  <!---->\n  <div class=\"h-row justify-content-lg-center justify-content-md-center justify-content-center align-items-lg-stretch align-items-md-stretch align-items-stretch gutters-col-lg-2 gutters-col-md-2 gutters-col-0 gutters-col-v-lg-2 gutters-col-v-md-2 gutters-col-v-2\">\n    <!---->\n    <div class=\"h-column h-column-container d-flex h-col-lg-auto h-col-md-auto h-col-auto style-985-outer style-local-4392-c24-outer\">\n      <div data-colibri-id=\"4392-c24\" class=\"d-flex h-flex-basis h-column__inner h-px-lg-2 h-px-md-2 h-px-2 v-inner-lg-2 v-inner-md-2 v-inner-2 style-985 style-local-4392-c24 position-relative\">\n        <!---->\n        <!---->\n        <div class=\"w-100 h-y-container h-column__content h-column__v-align flex-basis-100 align-self-lg-start align-self-md-start align-self-start\">\n          <!---->\n          <div data-colibri-id=\"4392-c25\" class=\"h-x-container style-982 style-local-4392-c25 position-relative h-element\">\n            <!---->\n            <div class=\"h-x-container-inner style-dynamic-4392-c25-group style-982-spacing style-local-4392-c25-spacing\"><span class=\"h-button__outer style-983-outer style-local-4392-c26-outer d-inline-flex h-element\"><a h-use-smooth-scroll=\"true\" href=\"https:\/\/secure.reservit.com\/fo\/booking\/2\/249174?specialMode=default&amp;langcode=FR&amp;partid=0&amp;custid=2&amp;_ga=GA1.2.1834005249.1585317728&amp;hotelid=249174&amp;m=booking\" target=\"_blank\" data-colibri-id=\"4392-c26\" class=\"d-flex w-100 align-items-center h-button justify-content-lg-center justify-content-md-center justify-content-center style-983 style-local-4392-c26 position-relative\" rel=\"noopener\"><!----><!----> <span>Je r\u00e9serve en direct<\/span><\/a>\n              <\/span>\n            <\/div>\n          <\/div>\n        <\/div>\n      <\/div>\n    <\/div>\n  <\/div>\n<\/div>\n<\/div>\n<\/div>\n<div data-colibri-component=\"section\" data-colibri-id=\"4392-c27\" id=\"about-2\" class=\"h-section h-section-global-spacing d-flex align-items-lg-center align-items-md-center align-items-center style-956 style-local-4392-c27 position-relative\">\n  <!---->\n  <!---->\n  <div class=\"h-section-grid-container h-section-boxed-container\">\n    <!---->\n    <div data-colibri-id=\"4392-c28\" class=\"h-row-container gutters-row-lg-0 gutters-row-md-0 gutters-row-0 gutters-row-v-lg-0 gutters-row-v-md-0 gutters-row-v-0 style-957 style-local-4392-c28 position-relative\">\n      <!---->\n      <div class=\"h-row justify-content-lg-center justify-content-md-center justify-content-center align-items-lg-stretch align-items-md-stretch align-items-stretch gutters-col-lg-0 gutters-col-md-0 gutters-col-0 gutters-col-v-lg-0 gutters-col-v-md-0 gutters-col-v-0\">\n        <!---->\n        <div class=\"h-column h-column-container d-flex h-col-lg-auto h-col-md-auto h-col-auto style-958-outer style-local-4392-c29-outer\">\n          <div data-colibri-id=\"4392-c29\" class=\"d-flex h-flex-basis h-column__inner h-ui-empty-state-container h-px-lg-0 h-px-md-0 h-px-0 v-inner-lg-0 v-inner-md-0 v-inner-0 style-958 style-local-4392-c29 position-relative\">\n            <!---->\n            <!---->\n            <div class=\"w-100 h-y-container h-column__content h-column__v-align flex-basis-100\">\n              <!---->\n            <\/div>\n          <\/div>\n        <\/div>\n        <div class=\"h-column h-column-container d-flex h-col-lg-auto h-col-md-auto h-col-auto style-959-outer style-local-4392-c30-outer\">\n          <div data-colibri-id=\"4392-c30\" class=\"d-flex h-flex-basis h-column__inner h-px-lg-2 h-px-md-2 h-px-2 v-inner-lg-2 v-inner-md-2 v-inner-2 style-959 style-local-4392-c30 position-relative\">\n            <!---->\n            <!---->\n            <div class=\"w-100 h-y-container h-column__content h-column__v-align flex-basis-100 align-self-lg-start align-self-md-start align-self-start\">\n              <!---->\n              <div data-colibri-id=\"4392-c31\" class=\"h-global-transition-all h-heading style-960 style-local-4392-c31 position-relative h-element\">\n                <!---->\n                <div class=\"h-heading__outer style-960 style-local-4392-c31\">\n                  <!---->\n                  <!---->\n                  <h4 class=\"\">Tarifs \u00e9t\u00e9 2025<\/h4>\n                <\/div>\n              <\/div>\n              <div data-colibri-id=\"4392-c32\" class=\"h-text h-text-component style-962 style-local-4392-c32 position-relative h-element\">\n                <!---->\n                <!---->\n                <div class=\"\">\n                  <p>L&rsquo;air pur, la qui\u00e9tude et la beaut\u00e9 des montagnes en \u00e9t\u00e9, venez parcourir les sentiers de randonn\u00e9es en toute libert\u00e9.<\/p>\n                  <p>Ouvert de mi-mai \u00e0 mi-septembre, profitez d&rsquo;un s\u00e9jour au grand air.<\/p>\n                  <p>Nos chambres double \u00e0 partir de 72\u20ac. Pour un s\u00e9jour en demi-pension, le tarif est \u00e0 partir de 67\u20ac.<\/p>\n                <\/div>\n              <\/div>\n              <div data-colibri-id=\"4392-c33\" class=\"h-x-container style-963 style-local-4392-c33 position-relative h-element\">\n                <!---->\n                <div class=\"h-x-container-inner style-dynamic-4392-c33-group style-963-spacing style-local-4392-c33-spacing\"><span class=\"h-button__outer style-964-outer style-local-4392-c34-outer d-inline-flex h-element\"><a h-use-smooth-scroll=\"true\" href=\"https:\/\/hotel-pointe-percee.com\/wp-content\/uploads\/2025\/07\/tarif-ete-2025.pdf\" target=\"_blank\" data-colibri-id=\"4392-c34\" class=\"d-flex w-100 align-items-center h-button justify-content-lg-center justify-content-md-center justify-content-center style-964 style-local-4392-c34 position-relative\" rel=\"noopener\"><!----><!----> <span>Voir tous les tarifs<\/span><\/a>\n                  <\/span>\n                <\/div>\n              <\/div>\n            <\/div>\n          <\/div>\n        <\/div>\n      <\/div>\n    <\/div>\n  <\/div>\n<\/div>\n<div data-colibri-component=\"section\" data-colibri-id=\"4392-c35\" id=\"about\" class=\"h-section h-section-global-spacing d-flex align-items-lg-center align-items-md-center align-items-center style-946 style-local-4392-c35 position-relative\">\n  <!---->\n  <!---->\n  <div class=\"h-section-grid-container h-section-boxed-container\">\n    <!---->\n    <div data-colibri-id=\"4392-c36\" class=\"h-row-container gutters-row-lg-0 gutters-row-md-0 gutters-row-0 gutters-row-v-lg-0 gutters-row-v-md-0 gutters-row-v-0 style-947 style-local-4392-c36 position-relative\">\n      <!---->\n      <div class=\"h-row justify-content-lg-center justify-content-md-center justify-content-center align-items-lg-stretch align-items-md-stretch align-items-stretch gutters-col-lg-0 gutters-col-md-0 gutters-col-0 gutters-col-v-lg-0 gutters-col-v-md-0 gutters-col-v-0\">\n        <!---->\n        <div class=\"h-column h-column-container d-flex h-col-lg-auto h-col-md-auto h-col-auto style-948-outer style-local-4392-c37-outer\">\n          <div data-colibri-id=\"4392-c37\" class=\"d-flex h-flex-basis h-column__inner h-px-lg-1 h-px-md-1 h-px-1 v-inner-lg-0 v-inner-md-0 v-inner-0 style-948 style-local-4392-c37 position-relative\">\n            <!---->\n            <!---->\n            <div class=\"w-100 h-y-container h-column__content h-column__v-align flex-basis-100 align-self-lg-start align-self-md-start align-self-start\">\n              <!---->\n              <div data-colibri-id=\"4392-c38\" class=\"h-global-transition-all h-heading style-949 style-local-4392-c38 position-relative h-element\">\n                <!---->\n                <div class=\"h-heading__outer style-949 style-local-4392-c38\">\n                  <!---->\n                  <!---->\n                  <h4 class=\"\">Tarifs hiver 2025\/2026<\/h4>\n                <\/div>\n              <\/div>\n              <div data-colibri-id=\"4392-c39\" class=\"h-text h-text-component style-951 style-local-4392-c39 position-relative h-element\">\n                <!---->\n                <!---->\n                <div class=\"\">\n                  <p>Venez vous ressourcer au Grand-Bornand en d\u00e9couvrant ses paysages blancs et ses activit\u00e9s hivernales.&nbsp;<\/p>\n                  <p>Ouvert de mi-d\u00e9cembre \u00e0 mi-avril, l&rsquo;h\u00f4tel la Pointe Perc\u00e9e vous accueille pour un s\u00e9jour \u00e0 la neige.<\/p>\n                  <p>Envie de libert\u00e9, nous vous proposons une chambre double \u00e0 partir de 77\u20ac. Pour un s\u00e9jour tout compris, optez pour la formule demi-pension (repas du soir, nuit et petit-d\u00e9jeuner), \u00e0 partir de 74\u20ac par personne.&nbsp;<\/p>\n                <\/div>\n              <\/div>\n              <div data-colibri-id=\"4392-c40\" class=\"h-x-container style-954 style-local-4392-c40 position-relative h-element\">\n                <!---->\n                <div class=\"h-x-container-inner style-dynamic-4392-c40-group style-954-spacing style-local-4392-c40-spacing\"><span class=\"h-button__outer style-955-outer style-local-4392-c41-outer d-inline-flex h-element\"><a h-use-smooth-scroll=\"true\" href=\"https:\/\/hotel-pointe-percee.com\/wp-content\/uploads\/2025\/07\/tarif-hiver-2026.pdf\" target=\"_blank\" data-colibri-id=\"4392-c41\" class=\"d-flex w-100 align-items-center h-button justify-content-lg-center justify-content-md-center justify-content-center style-955 style-local-4392-c41 position-relative\" rel=\"noopener\"><!----><!----> <span>Voir tous les tarifs<\/span><\/a>\n                  <\/span>\n                <\/div>\n              <\/div>\n            <\/div>\n          <\/div>\n        <\/div>\n        <div class=\"h-column h-column-container d-flex h-col-lg-auto h-col-md-auto h-col-auto style-952-outer style-local-4392-c42-outer\">\n          <div data-colibri-id=\"4392-c42\" class=\"d-flex h-flex-basis h-column__inner h-ui-empty-state-container h-px-lg-2 h-px-md-2 h-px-2 v-inner-lg-2 v-inner-md-2 v-inner-2 style-952 style-local-4392-c42 position-relative\">\n            <!---->\n            <!---->\n            <div class=\"w-100 h-y-container h-column__content h-column__v-align flex-basis-100\">\n              <!---->\n            <\/div>\n          <\/div>\n        <\/div>\n      <\/div>\n    <\/div>\n  <\/div>\n<\/div>\n<\/div>","protected":false},"excerpt":{"rendered":"<p>R\u00e9servez votre s\u00e9jour en direct Meilleur tarif garanti En r\u00e9servant votre s\u00e9jour directement via notre site internet ou par t\u00e9l\u00e9phone, b\u00e9n\u00e9ficiez de notre meilleur tarif. Plus de disponibilit\u00e9 Une date non disponible sur nos sites partenaires, retrouver la totalit\u00e9 de nos offres via notre r\u00e9servation en ligne.&nbsp; Plus de souplesse Avec un r\u00e9servation via notre [&hellip;]<\/p>\n","protected":false},"author":2,"featured_media":0,"parent":0,"menu_order":0,"comment_status":"closed","ping_status":"closed","template":"page-templates\/full-width-page.php","meta":{"footnotes":""},"class_list":["post-4392","page","type-page","status-publish","hentry"],"_links":{"self":[{"href":"https:\/\/hotel-pointe-percee.com\/fr\/wp-json\/wp\/v2\/pages\/4392"}],"collection":[{"href":"https:\/\/hotel-pointe-percee.com\/fr\/wp-json\/wp\/v2\/pages"}],"about":[{"href":"https:\/\/hotel-pointe-percee.com\/fr\/wp-json\/wp\/v2\/types\/page"}],"author":[{"embeddable":true,"href":"https:\/\/hotel-pointe-percee.com\/fr\/wp-json\/wp\/v2\/users\/2"}],"replies":[{"embeddable":true,"href":"https:\/\/hotel-pointe-percee.com\/fr\/wp-json\/wp\/v2\/comments?post=4392"}],"version-history":[{"count":20,"href":"https:\/\/hotel-pointe-percee.com\/fr\/wp-json\/wp\/v2\/pages\/4392\/revisions"}],"predecessor-version":[{"id":7388,"href":"https:\/\/hotel-pointe-percee.com\/fr\/wp-json\/wp\/v2\/pages\/4392\/revisions\/7388"}],"wp:attachment":[{"href":"https:\/\/hotel-pointe-percee.com\/fr\/wp-json\/wp\/v2\/media?parent=4392"}],"curies":[{"name":"wp","href":"https:\/\/api.w.org\/{rel}","templated":true}]}}